{"id":32,"date":"2012-09-20T19:24:40","date_gmt":"2012-09-20T17:24:40","guid":{"rendered":"http:\/\/musikschule-contact.de\/wordpress\/wordpress\/?page_id=32"},"modified":"2025-04-27T19:18:19","modified_gmt":"2025-04-27T17:18:19","slug":"startseite","status":"publish","type":"page","link":"https:\/\/musikschule-contakt.de\/","title":{"rendered":"Willkommen"},"content":{"rendered":"<p><img loading=\"lazy\" class=\"alignnone wp-image-1453\" style=\"color: #333333; font-style: normal; font-weight: 300; line-height: 24.375px;\" src=\"https:\/\/musikschule-contakt.de\/wordpress\/wordpress\/wp-content\/uploads\/2012\/09\/4130388400_DxO.jpg\" alt=\"\" width=\"81\" height=\"1729\" \/><img loading=\"lazy\" class=\"alignnone wp-image-401\" src=\"https:\/\/musikschule-contakt.de\/wordpress\/wordpress\/wp-content\/uploads\/2012\/09\/Start1-150x150.jpg\" alt=\"\" width=\"81\" height=\"81\" \/><img loading=\"lazy\" class=\"alignnone wp-image-406\" src=\"https:\/\/musikschule-contakt.de\/wordpress\/wordpress\/wp-content\/uploads\/2012\/09\/Start6-150x150.jpg\" alt=\"\" width=\"81\" height=\"81\" \/><\/p>\n<p>Dies ist die Homepage der Musikschule conTakt in Bad Rappenau mit Zweigstelle in Ha\u00dfmersheim (Neckar-Odenwald-Kreis, N\u00e4he Mosbach).<br \/>\nWir hoffen, dass wir Ihnen hier alle Ihre Fragen zum Unterricht bei uns beantworten k\u00f6nnen.<\/p>\n<p>Hier finden Sie <a href=\"https:\/\/musikschule-contakt.de\/?page_id=491\"><strong>aktuelle Infos<\/strong><\/a> der Musikschule.<\/p>\n<p>Sollten Sie weitere Fragen haben, k\u00f6nnen Sie uns gerne <a href=\"https:\/\/musikschule-contakt.de\/?page_id=2501\"><strong>kontaktieren<\/strong><\/a>.<\/p>\n<p><em>Ihre Maren Ferber und das Musikschule conTakt Team<\/em><br \/>\n<em>Bad Rappenau, 2025<\/em><\/p>\n","protected":false},"excerpt":{"rendered":"<p>Dies ist die Homepage der Musikschule conTakt in Bad Rappenau mit Zweigstelle in Ha\u00dfmersheim (Neckar-Odenwald-Kreis, N\u00e4he Mosbach). Wir hoffen, dass wir Ihnen hier alle Ihre Fragen zum Unterricht bei uns beantworten k\u00f6nnen. Hier finden Sie aktuelle Infos der Musikschule. Sollten &hellip; <a href=\"https:\/\/musikschule-contakt.de\/\">Weiterlesen <span class=\"meta-nav\">&rarr;<\/span><\/a><\/p>\n","protected":false},"author":1,"featured_media":0,"parent":0,"menu_order":0,"comment_status":"closed","ping_status":"closed","template":"","meta":[],"_links":{"self":[{"href":"https:\/\/musikschule-contakt.de\/index.php?rest_route=\/wp\/v2\/pages\/32"}],"collection":[{"href":"https:\/\/musikschule-contakt.de\/index.php?rest_route=\/wp\/v2\/pages"}],"about":[{"href":"https:\/\/musikschule-contakt.de\/index.php?rest_route=\/wp\/v2\/types\/page"}],"author":[{"embeddable":true,"href":"https:\/\/musikschule-contakt.de\/index.php?rest_route=\/wp\/v2\/users\/1"}],"replies":[{"embeddable":true,"href":"https:\/\/musikschule-contakt.de\/index.php?rest_route=%2Fwp%2Fv2%2Fcomments&post=32"}],"version-history":[{"count":45,"href":"https:\/\/musikschule-contakt.de\/index.php?rest_route=\/wp\/v2\/pages\/32\/revisions"}],"predecessor-version":[{"id":2562,"href":"https:\/\/musikschule-contakt.de\/index.php?rest_route=\/wp\/v2\/pages\/32\/revisions\/2562"}],"wp:attachment":[{"href":"https:\/\/musikschule-contakt.de\/index.php?rest_route=%2Fwp%2Fv2%2Fmedia&parent=32"}],"curies":[{"name":"wp","href":"https:\/\/api.w.org\/{rel}","templated":true}]}}