{"id":2389,"date":"2023-12-04T14:32:36","date_gmt":"2023-12-04T12:32:36","guid":{"rendered":"https:\/\/musikschule-contakt.de\/?page_id=2389"},"modified":"2026-01-21T19:44:27","modified_gmt":"2026-01-21T17:44:27","slug":"hassmersheimer-harfencamp","status":"publish","type":"page","link":"https:\/\/musikschule-contakt.de\/?page_id=2389","title":{"rendered":"Ha\u00dfmersheimer Harfencamp"},"content":{"rendered":"<p><a href=\"https:\/\/musikschule-contakt.de\/wordpress\/wordpress\/wp-content\/uploads\/2026\/01\/2.png\"><img loading=\"lazy\" class=\"alignleft size-medium wp-image-2589\" src=\"https:\/\/musikschule-contakt.de\/wordpress\/wordpress\/wp-content\/uploads\/2026\/01\/2-300x300.png\" alt=\"\" width=\"300\" height=\"300\" srcset=\"https:\/\/musikschule-contakt.de\/wordpress\/wordpress\/wp-content\/uploads\/2026\/01\/2-300x300.png 300w, https:\/\/musikschule-contakt.de\/wordpress\/wordpress\/wp-content\/uploads\/2026\/01\/2-1024x1024.png 1024w, https:\/\/musikschule-contakt.de\/wordpress\/wordpress\/wp-content\/uploads\/2026\/01\/2-150x150.png 150w, https:\/\/musikschule-contakt.de\/wordpress\/wordpress\/wp-content\/uploads\/2026\/01\/2-768x768.png 768w, https:\/\/musikschule-contakt.de\/wordpress\/wordpress\/wp-content\/uploads\/2026\/01\/2-1536x1536.png 1536w, https:\/\/musikschule-contakt.de\/wordpress\/wordpress\/wp-content\/uploads\/2026\/01\/2.png 1819w\" sizes=\"(max-width: 300px) 100vw, 300px\" \/><\/a><br \/>\nDas 3. Ha\u00dfmersheimer Harfencamp steht in den Startl\u00f6chern!<br \/>\nAlle Infos gibt&#8217;s hier im <strong><a href=\"https:\/\/musikschule-contakt.de\/wordpress\/wordpress\/wp-content\/uploads\/2026\/01\/Harfencamp_2026.pdf\">Flyer<\/a><\/strong>.<br \/>\nDie Anmeldung ist \u00fcber dieses <strong><a href=\"https:\/\/musikschule-contakt.de\/wordpress\/wordpress\/wp-content\/uploads\/2026\/01\/Harfencamp_Anmeldung_2026.pdf\">Formular<\/a>\u00a0<\/strong>m\u00f6glich.<!--more--><\/p>\n","protected":false},"excerpt":{"rendered":"<p>Das 3. Ha\u00dfmersheimer Harfencamp steht in den Startl\u00f6chern! Alle Infos gibt&#8217;s hier im Flyer. Die Anmeldung ist \u00fcber dieses Formular\u00a0m\u00f6glich.<\/p>\n","protected":false},"author":2,"featured_media":0,"parent":0,"menu_order":0,"comment_status":"closed","ping_status":"closed","template":"","meta":[],"_links":{"self":[{"href":"https:\/\/musikschule-contakt.de\/index.php?rest_route=\/wp\/v2\/pages\/2389"}],"collection":[{"href":"https:\/\/musikschule-contakt.de\/index.php?rest_route=\/wp\/v2\/pages"}],"about":[{"href":"https:\/\/musikschule-contakt.de\/index.php?rest_route=\/wp\/v2\/types\/page"}],"author":[{"embeddable":true,"href":"https:\/\/musikschule-contakt.de\/index.php?rest_route=\/wp\/v2\/users\/2"}],"replies":[{"embeddable":true,"href":"https:\/\/musikschule-contakt.de\/index.php?rest_route=%2Fwp%2Fv2%2Fcomments&post=2389"}],"version-history":[{"count":16,"href":"https:\/\/musikschule-contakt.de\/index.php?rest_route=\/wp\/v2\/pages\/2389\/revisions"}],"predecessor-version":[{"id":2592,"href":"https:\/\/musikschule-contakt.de\/index.php?rest_route=\/wp\/v2\/pages\/2389\/revisions\/2592"}],"wp:attachment":[{"href":"https:\/\/musikschule-contakt.de\/index.php?rest_route=%2Fwp%2Fv2%2Fmedia&parent=2389"}],"curies":[{"name":"wp","href":"https:\/\/api.w.org\/{rel}","templated":true}]}}