{"id":220,"date":"2012-12-29T23:29:29","date_gmt":"2012-12-29T21:29:29","guid":{"rendered":"http:\/\/musikschule-contact.de\/wordpress\/wordpress\/?page_id=220"},"modified":"2023-12-28T18:26:58","modified_gmt":"2023-12-28T16:26:58","slug":"schulordnunggebuhren","status":"publish","type":"page","link":"https:\/\/musikschule-contakt.de\/?page_id=220","title":{"rendered":"Schulordnung\/Geb\u00fchren"},"content":{"rendered":"<p>Hier finden Sie unsere aktuelle <strong><a href=\"https:\/\/musikschule-contakt.de\/wordpress\/wordpress\/wp-content\/uploads\/2023\/12\/Schulordnung_01_2024.pdf\">Schulordnung.<\/a><\/strong><\/p>\n<p>Die Geb\u00fchren f\u00fcr den Unterricht an der Musikschule conTakt k\u00f6nnen Sie jederzeit bei uns erfragen, z.B. \u00fcber das <strong><a title=\"Kontaktformular\" href=\"https:\/\/musikschule-contakt.de\/wordpress\/wordpress\/?page_id=65\">Kontaktformular<\/a><\/strong>.<\/p>\n","protected":false},"excerpt":{"rendered":"<p>Hier finden Sie unsere aktuelle Schulordnung. Die Geb\u00fchren f\u00fcr den Unterricht an der Musikschule conTakt k\u00f6nnen Sie jederzeit bei uns erfragen, z.B. \u00fcber das Kontaktformular.<\/p>\n","protected":false},"author":1,"featured_media":0,"parent":0,"menu_order":0,"comment_status":"closed","ping_status":"closed","template":"","meta":[],"_links":{"self":[{"href":"https:\/\/musikschule-contakt.de\/index.php?rest_route=\/wp\/v2\/pages\/220"}],"collection":[{"href":"https:\/\/musikschule-contakt.de\/index.php?rest_route=\/wp\/v2\/pages"}],"about":[{"href":"https:\/\/musikschule-contakt.de\/index.php?rest_route=\/wp\/v2\/types\/page"}],"author":[{"embeddable":true,"href":"https:\/\/musikschule-contakt.de\/index.php?rest_route=\/wp\/v2\/users\/1"}],"replies":[{"embeddable":true,"href":"https:\/\/musikschule-contakt.de\/index.php?rest_route=%2Fwp%2Fv2%2Fcomments&post=220"}],"version-history":[{"count":11,"href":"https:\/\/musikschule-contakt.de\/index.php?rest_route=\/wp\/v2\/pages\/220\/revisions"}],"predecessor-version":[{"id":2412,"href":"https:\/\/musikschule-contakt.de\/index.php?rest_route=\/wp\/v2\/pages\/220\/revisions\/2412"}],"wp:attachment":[{"href":"https:\/\/musikschule-contakt.de\/index.php?rest_route=%2Fwp%2Fv2%2Fmedia&parent=220"}],"curies":[{"name":"wp","href":"https:\/\/api.w.org\/{rel}","templated":true}]}}