{"id":21,"date":"2012-09-20T19:12:33","date_gmt":"2012-09-20T17:12:33","guid":{"rendered":"http:\/\/musikschule-contact.de\/wordpress\/wordpress\/?page_id=21"},"modified":"2024-10-21T14:10:17","modified_gmt":"2024-10-21T12:10:17","slug":"21-2","status":"publish","type":"page","link":"https:\/\/musikschule-contakt.de\/?page_id=21","title":{"rendered":"Maren Ferber"},"content":{"rendered":"<div><strong>Musikschulleitung\u00a0<img loading=\"lazy\" class=\" wp-image-1624 alignright\" src=\"https:\/\/musikschule-contakt.de\/wordpress\/wordpress\/wp-content\/uploads\/2012\/09\/20170412_Maren_036_final-300x229.jpg\" alt=\"\" width=\"180\" height=\"137\" srcset=\"https:\/\/musikschule-contakt.de\/wordpress\/wordpress\/wp-content\/uploads\/2012\/09\/20170412_Maren_036_final-300x229.jpg 300w, https:\/\/musikschule-contakt.de\/wordpress\/wordpress\/wp-content\/uploads\/2012\/09\/20170412_Maren_036_final-1024x782.jpg 1024w, https:\/\/musikschule-contakt.de\/wordpress\/wordpress\/wp-content\/uploads\/2012\/09\/20170412_Maren_036_final-392x300.jpg 392w\" sizes=\"(max-width: 180px) 100vw, 180px\" \/><br \/>\nHarfe, Klavier und Elementares Musizieren<\/strong><\/div>\n<p>geb. 1983 im Kreis Siegburg (NRW), wohnhaft in Ha\u00dfmersheim (Neckar-Odenwald-Kreis, N\u00e4he Mosbach)<\/p>\n<p><strong>Klavier<\/strong><br \/>\n1996 Beginn des Klavierunterrichts<img loading=\"lazy\" class=\" wp-image-614 alignright\" style=\"color: #333333; font-style: normal; font-weight: 300;\" src=\"https:\/\/musikschule-contakt.de\/wordpress\/wordpress\/wp-content\/uploads\/2012\/09\/Harfissimi_Nachtreffen2012-140.jpg\" alt=\"\" width=\"182\" height=\"218\" srcset=\"https:\/\/musikschule-contakt.de\/wordpress\/wordpress\/wp-content\/uploads\/2012\/09\/Harfissimi_Nachtreffen2012-140.jpg 336w, https:\/\/musikschule-contakt.de\/wordpress\/wordpress\/wp-content\/uploads\/2012\/09\/Harfissimi_Nachtreffen2012-140-249x300.jpg 249w\" sizes=\"(max-width: 182px) 100vw, 182px\" \/> 2000-2003 Unterricht an der st\u00e4dt. Musikschule Neckarsulm bei Monika Mayer<br \/>\n<span style=\"font-weight: 300;\">Teilnahme an Meisterkursen und Wettbewerben (&#8222;Jugend Musiziert&#8220;)<br \/>\n<\/span>2003 Beginn des\u00a0Studiums an der Musikhochschule Mannheim, Nebenfach Klavier bei Monika Braschkat<br \/>\n2005 Wechsel in die Klasse von Barbara Witter-Weiss<br \/>\nFebruar 2007 Abschlusspr\u00fcfung im Nebenfach Klavier<\/p>\n<p><strong>Harfe<\/strong><br \/>\n2001 Beginn des Harfenunterrichts bei Christina Lechner (Hirschhorn)<br \/>\n2002 Wechsel zu Prof. Maria Stange (Musikhochschule Stuttgart)<br \/>\n<span style=\"color: #333333; font-style: normal; font-weight: 300; line-height: 24.375px;\">Wintersemester 2003 Beginn des Studiums an der Musikhochschule Mannheim bei\u00a0<\/span><span style=\"color: #333333; font-style: normal; font-weight: 300; line-height: 24.375px;\">Prof. Anne H\u00fctten (Nationaltheater Mannheim, Festspielorchester Bayreuth)<\/span><span style=\"color: #333333; font-style: normal; font-weight: 300; line-height: 24.375px;\"><br \/>\n2004 Teilnahme am Meisterkurs der S\u00fcddeutschen Kammersinfonie Bietigheim<br \/>\n<\/span>2006 und 2007 Teilnahme an den &#8222;Musiktagen Bergell&#8220;<br \/>\nFebruar 2008 Diplomabschluss im Fach Harfe<br \/>\nMitwirkung in verschiedenen Orchestern als Harfenistin, u.a. Stamitzorchester Mannheim, Mannheimer Bl\u00e4serphilharmonie, Heilbronner Bl\u00e4serphilharmonie, Junge Orchesterakademie Franken<\/p>\n<p><strong>Elementare Musikp\u00e4dagogik<\/strong><br \/>\n2003-2008 Studium der Elementaren Musikp\u00e4dagogik (EMP) an der Musikhochschule Mannheim bei Prof. Maria Rebhahn (ehemals Seeliger), Examen Juli 2008.<br \/>\nDiplomarbeit zum Thema &#8222;Theoretische Hintergr\u00fcnde und praktische Beispiele traditioneller, aktueller und eigener Kinderlieder&#8220;<br \/>\nInhalte des Studiums: Methodik und Didaktik der EMP &#8211; Elementare Komposition -Improvisation &#8211; Bewegung und Tanz &#8211; Stimmbildung und Sprecherziehung &#8211; Lehrproben und angeleitete Unterrichtspraktika<\/p>\n<p><strong>Sonstiges<\/strong><br \/>\nErster Instrumentalunterricht (Violoncello) mit 7 Jahren bei Mario Sch\u00f6nfeld<br \/>\n1995-2002 Violoncellounterricht an der st\u00e4dt. Musikschule Neckarsulm bei \u00a0 \u00a0 \u00a0 \u00a0 \u00a0 \u00a0 \u00a0 \u00a0 \u00a0 \u00a0 \u00a0 \u00a0 Sebastian Erlewein<br \/>\n2009-2013 Cellistin beim Kammerorchester Bad Rappenau<\/p>\n<p><strong>Unterrichtst\u00e4tigkeit<\/strong><br \/>\nSeit 2004 Instrumentalunterricht in den F\u00e4chern Klavier und Harfe \u00a0 \u00a0 \u00a0 \u00a0 \u00a0\u00a0 \u00a0 \u00a0 \u00a0 \u00a0 \u00a0 \u00a0 \u00a0 \u00a0 \u00a0 \u00a0 \u00a0 \u00a0 \u00a0 \u00a0 mit Sch\u00fclern von 5-85 Jahren<br \/>\nseit 2006 Leitung mehrerer Gruppen &#8222;Elementares Musizieren&#8220; \u00a0 \u00a0 \u00a0\u00a0 \u00a0 \u00a0 \u00a0 \u00a0 \u00a0 \u00a0 \u00a0 \u00a0 \u00a0 \u00a0 \u00a0 \u00a0 \u00a0 \u00a0 \u00a0 \u00a0 \u00a0 \u00a0 mit Kindern und Senioren<br \/>\n2008 Gr\u00fcndung der privaten Musikschule conTakt in Bad Rappenau<\/p>\n","protected":false},"excerpt":{"rendered":"<p>Musikschulleitung\u00a0 Harfe, Klavier und Elementares Musizieren geb. 1983 im Kreis Siegburg (NRW), wohnhaft in Ha\u00dfmersheim (Neckar-Odenwald-Kreis, N\u00e4he Mosbach) Klavier 1996 Beginn des Klavierunterrichts 2000-2003 Unterricht an der st\u00e4dt. Musikschule Neckarsulm bei Monika Mayer Teilnahme an Meisterkursen und Wettbewerben (&#8222;Jugend Musiziert&#8220;) &hellip; <a href=\"https:\/\/musikschule-contakt.de\/?page_id=21\">Weiterlesen <span class=\"meta-nav\">&rarr;<\/span><\/a><\/p>\n","protected":false},"author":1,"featured_media":0,"parent":34,"menu_order":0,"comment_status":"closed","ping_status":"open","template":"","meta":[],"_links":{"self":[{"href":"https:\/\/musikschule-contakt.de\/index.php?rest_route=\/wp\/v2\/pages\/21"}],"collection":[{"href":"https:\/\/musikschule-contakt.de\/index.php?rest_route=\/wp\/v2\/pages"}],"about":[{"href":"https:\/\/musikschule-contakt.de\/index.php?rest_route=\/wp\/v2\/types\/page"}],"author":[{"embeddable":true,"href":"https:\/\/musikschule-contakt.de\/index.php?rest_route=\/wp\/v2\/users\/1"}],"replies":[{"embeddable":true,"href":"https:\/\/musikschule-contakt.de\/index.php?rest_route=%2Fwp%2Fv2%2Fcomments&post=21"}],"version-history":[{"count":42,"href":"https:\/\/musikschule-contakt.de\/index.php?rest_route=\/wp\/v2\/pages\/21\/revisions"}],"predecessor-version":[{"id":2526,"href":"https:\/\/musikschule-contakt.de\/index.php?rest_route=\/wp\/v2\/pages\/21\/revisions\/2526"}],"up":[{"embeddable":true,"href":"https:\/\/musikschule-contakt.de\/index.php?rest_route=\/wp\/v2\/pages\/34"}],"wp:attachment":[{"href":"https:\/\/musikschule-contakt.de\/index.php?rest_route=%2Fwp%2Fv2%2Fmedia&parent=21"}],"curies":[{"name":"wp","href":"https:\/\/api.w.org\/{rel}","templated":true}]}}