{"id":1962,"date":"2019-04-04T11:14:34","date_gmt":"2019-04-04T09:14:34","guid":{"rendered":"https:\/\/musikschule-contakt.de\/?page_id=1962"},"modified":"2019-04-04T11:17:30","modified_gmt":"2019-04-04T09:17:30","slug":"schuelerkonzert-2019","status":"publish","type":"page","link":"https:\/\/musikschule-contakt.de\/?page_id=1962","title":{"rendered":"Sch\u00fclerkonzert 2019"},"content":{"rendered":"<p>Sch\u00fclervorspiel am Samstag, den 30. M\u00e4rz 2019<br \/>\nim Wasserschloss Bad Rappenau<\/p>\n<p><img loading=\"lazy\" class=\"alignleft wp-image-1965 size-medium\" style=\"color: #333333; font-style: normal; font-weight: 300;\" src=\"https:\/\/musikschule-contakt.de\/wordpress\/wordpress\/wp-content\/uploads\/2019\/04\/DSC00169-Laura-300x160.jpg\" alt=\"\" width=\"300\" height=\"160\" srcset=\"https:\/\/musikschule-contakt.de\/wordpress\/wordpress\/wp-content\/uploads\/2019\/04\/DSC00169-Laura-300x160.jpg 300w, https:\/\/musikschule-contakt.de\/wordpress\/wordpress\/wp-content\/uploads\/2019\/04\/DSC00169-Laura-768x409.jpg 768w, https:\/\/musikschule-contakt.de\/wordpress\/wordpress\/wp-content\/uploads\/2019\/04\/DSC00169-Laura-1024x545.jpg 1024w, https:\/\/musikschule-contakt.de\/wordpress\/wordpress\/wp-content\/uploads\/2019\/04\/DSC00169-Laura-500x266.jpg 500w\" sizes=\"(max-width: 300px) 100vw, 300px\" \/><img loading=\"lazy\" class=\"alignleft size-medium wp-image-1963\" src=\"https:\/\/musikschule-contakt.de\/wordpress\/wordpress\/wp-content\/uploads\/2019\/04\/Clara-01-300x217.jpg\" alt=\"\" width=\"300\" height=\"217\" srcset=\"https:\/\/musikschule-contakt.de\/wordpress\/wordpress\/wp-content\/uploads\/2019\/04\/Clara-01-300x217.jpg 300w, https:\/\/musikschule-contakt.de\/wordpress\/wordpress\/wp-content\/uploads\/2019\/04\/Clara-01-768x555.jpg 768w, https:\/\/musikschule-contakt.de\/wordpress\/wordpress\/wp-content\/uploads\/2019\/04\/Clara-01-1024x740.jpg 1024w, https:\/\/musikschule-contakt.de\/wordpress\/wordpress\/wp-content\/uploads\/2019\/04\/Clara-01-415x300.jpg 415w\" sizes=\"(max-width: 300px) 100vw, 300px\" \/><\/p>\n<p><img loading=\"lazy\" class=\"alignleft size-medium wp-image-1966\" style=\"font-weight: 300;\" src=\"https:\/\/musikschule-contakt.de\/wordpress\/wordpress\/wp-content\/uploads\/2019\/04\/Florentin-06-300x169.jpg\" alt=\"\" width=\"300\" height=\"169\" srcset=\"https:\/\/musikschule-contakt.de\/wordpress\/wordpress\/wp-content\/uploads\/2019\/04\/Florentin-06-300x169.jpg 300w, https:\/\/musikschule-contakt.de\/wordpress\/wordpress\/wp-content\/uploads\/2019\/04\/Florentin-06-768x432.jpg 768w, https:\/\/musikschule-contakt.de\/wordpress\/wordpress\/wp-content\/uploads\/2019\/04\/Florentin-06-1024x576.jpg 1024w, https:\/\/musikschule-contakt.de\/wordpress\/wordpress\/wp-content\/uploads\/2019\/04\/Florentin-06-500x281.jpg 500w\" sizes=\"(max-width: 300px) 100vw, 300px\" \/><br \/>\n<img loading=\"lazy\" class=\"alignleft size-medium wp-image-1967\" src=\"https:\/\/musikschule-contakt.de\/wordpress\/wordpress\/wp-content\/uploads\/2019\/04\/Fr\u00f6sche-19-300x169.jpg\" alt=\"\" width=\"300\" height=\"169\" srcset=\"https:\/\/musikschule-contakt.de\/wordpress\/wordpress\/wp-content\/uploads\/2019\/04\/Fr\u00f6sche-19-300x169.jpg 300w, https:\/\/musikschule-contakt.de\/wordpress\/wordpress\/wp-content\/uploads\/2019\/04\/Fr\u00f6sche-19-768x432.jpg 768w, https:\/\/musikschule-contakt.de\/wordpress\/wordpress\/wp-content\/uploads\/2019\/04\/Fr\u00f6sche-19-1024x576.jpg 1024w, https:\/\/musikschule-contakt.de\/wordpress\/wordpress\/wp-content\/uploads\/2019\/04\/Fr\u00f6sche-19-500x281.jpg 500w\" sizes=\"(max-width: 300px) 100vw, 300px\" \/> <img loading=\"lazy\" class=\"alignleft size-medium wp-image-1970\" style=\"color: #333333; font-style: normal; font-weight: 300;\" src=\"https:\/\/musikschule-contakt.de\/wordpress\/wordpress\/wp-content\/uploads\/2019\/04\/Isabel-03-300x169.jpg\" alt=\"\" width=\"300\" height=\"169\" srcset=\"https:\/\/musikschule-contakt.de\/wordpress\/wordpress\/wp-content\/uploads\/2019\/04\/Isabel-03-300x169.jpg 300w, https:\/\/musikschule-contakt.de\/wordpress\/wordpress\/wp-content\/uploads\/2019\/04\/Isabel-03-768x432.jpg 768w, https:\/\/musikschule-contakt.de\/wordpress\/wordpress\/wp-content\/uploads\/2019\/04\/Isabel-03-1024x576.jpg 1024w, https:\/\/musikschule-contakt.de\/wordpress\/wordpress\/wp-content\/uploads\/2019\/04\/Isabel-03-500x281.jpg 500w\" sizes=\"(max-width: 300px) 100vw, 300px\" \/><img loading=\"lazy\" class=\"alignleft size-medium wp-image-1972\" style=\"color: #333333; font-style: normal; font-weight: 300;\" src=\"https:\/\/musikschule-contakt.de\/wordpress\/wordpress\/wp-content\/uploads\/2019\/04\/Johanna-Alexandra-Maren-04-300x216.jpg\" alt=\"\" width=\"300\" height=\"216\" srcset=\"https:\/\/musikschule-contakt.de\/wordpress\/wordpress\/wp-content\/uploads\/2019\/04\/Johanna-Alexandra-Maren-04-300x216.jpg 300w, https:\/\/musikschule-contakt.de\/wordpress\/wordpress\/wp-content\/uploads\/2019\/04\/Johanna-Alexandra-Maren-04-768x554.jpg 768w, https:\/\/musikschule-contakt.de\/wordpress\/wordpress\/wp-content\/uploads\/2019\/04\/Johanna-Alexandra-Maren-04-1024x739.jpg 1024w, https:\/\/musikschule-contakt.de\/wordpress\/wordpress\/wp-content\/uploads\/2019\/04\/Johanna-Alexandra-Maren-04-416x300.jpg 416w\" sizes=\"(max-width: 300px) 100vw, 300px\" \/><img loading=\"lazy\" class=\"alignleft size-medium wp-image-1971\" style=\"color: #333333; font-style: normal; font-weight: 300;\" src=\"https:\/\/musikschule-contakt.de\/wordpress\/wordpress\/wp-content\/uploads\/2019\/04\/Jil-Carmen-01-300x169.jpg\" alt=\"\" width=\"300\" height=\"169\" srcset=\"https:\/\/musikschule-contakt.de\/wordpress\/wordpress\/wp-content\/uploads\/2019\/04\/Jil-Carmen-01-300x169.jpg 300w, https:\/\/musikschule-contakt.de\/wordpress\/wordpress\/wp-content\/uploads\/2019\/04\/Jil-Carmen-01-768x432.jpg 768w, https:\/\/musikschule-contakt.de\/wordpress\/wordpress\/wp-content\/uploads\/2019\/04\/Jil-Carmen-01-1024x576.jpg 1024w, https:\/\/musikschule-contakt.de\/wordpress\/wordpress\/wp-content\/uploads\/2019\/04\/Jil-Carmen-01-500x281.jpg 500w\" sizes=\"(max-width: 300px) 100vw, 300px\" \/><img loading=\"lazy\" class=\"alignleft size-medium wp-image-1968\" src=\"https:\/\/musikschule-contakt.de\/wordpress\/wordpress\/wp-content\/uploads\/2019\/04\/IMGP0019-G1-300x194.jpg\" alt=\"\" width=\"300\" height=\"194\" srcset=\"https:\/\/musikschule-contakt.de\/wordpress\/wordpress\/wp-content\/uploads\/2019\/04\/IMGP0019-G1-300x194.jpg 300w, https:\/\/musikschule-contakt.de\/wordpress\/wordpress\/wp-content\/uploads\/2019\/04\/IMGP0019-G1-768x496.jpg 768w, https:\/\/musikschule-contakt.de\/wordpress\/wordpress\/wp-content\/uploads\/2019\/04\/IMGP0019-G1-1024x662.jpg 1024w, https:\/\/musikschule-contakt.de\/wordpress\/wordpress\/wp-content\/uploads\/2019\/04\/IMGP0019-G1-464x300.jpg 464w\" sizes=\"(max-width: 300px) 100vw, 300px\" \/><\/p>\n<p style=\"color: #333333; font-style: normal;\"><img loading=\"lazy\" class=\"alignleft size-medium wp-image-1969\" style=\"color: #333333; font-style: normal; font-weight: 300;\" src=\"https:\/\/musikschule-contakt.de\/wordpress\/wordpress\/wp-content\/uploads\/2019\/04\/IMGP0032-G2-2-300x198.jpg\" alt=\"\" width=\"300\" height=\"198\" srcset=\"https:\/\/musikschule-contakt.de\/wordpress\/wordpress\/wp-content\/uploads\/2019\/04\/IMGP0032-G2-2-300x198.jpg 300w, https:\/\/musikschule-contakt.de\/wordpress\/wordpress\/wp-content\/uploads\/2019\/04\/IMGP0032-G2-2-768x508.jpg 768w, https:\/\/musikschule-contakt.de\/wordpress\/wordpress\/wp-content\/uploads\/2019\/04\/IMGP0032-G2-2-1024x677.jpg 1024w, https:\/\/musikschule-contakt.de\/wordpress\/wordpress\/wp-content\/uploads\/2019\/04\/IMGP0032-G2-2-454x300.jpg 454w\" sizes=\"(max-width: 300px) 100vw, 300px\" \/><\/p>\n","protected":false},"excerpt":{"rendered":"<p>Sch\u00fclervorspiel am Samstag, den 30. M\u00e4rz 2019 im Wasserschloss Bad Rappenau<\/p>\n","protected":false},"author":2,"featured_media":0,"parent":0,"menu_order":0,"comment_status":"closed","ping_status":"closed","template":"","meta":[],"_links":{"self":[{"href":"https:\/\/musikschule-contakt.de\/index.php?rest_route=\/wp\/v2\/pages\/1962"}],"collection":[{"href":"https:\/\/musikschule-contakt.de\/index.php?rest_route=\/wp\/v2\/pages"}],"about":[{"href":"https:\/\/musikschule-contakt.de\/index.php?rest_route=\/wp\/v2\/types\/page"}],"author":[{"embeddable":true,"href":"https:\/\/musikschule-contakt.de\/index.php?rest_route=\/wp\/v2\/users\/2"}],"replies":[{"embeddable":true,"href":"https:\/\/musikschule-contakt.de\/index.php?rest_route=%2Fwp%2Fv2%2Fcomments&post=1962"}],"version-history":[{"count":3,"href":"https:\/\/musikschule-contakt.de\/index.php?rest_route=\/wp\/v2\/pages\/1962\/revisions"}],"predecessor-version":[{"id":1977,"href":"https:\/\/musikschule-contakt.de\/index.php?rest_route=\/wp\/v2\/pages\/1962\/revisions\/1977"}],"wp:attachment":[{"href":"https:\/\/musikschule-contakt.de\/index.php?rest_route=%2Fwp%2Fv2%2Fmedia&parent=1962"}],"curies":[{"name":"wp","href":"https:\/\/api.w.org\/{rel}","templated":true}]}}