{"id":193,"date":"2012-12-29T16:39:04","date_gmt":"2012-12-29T14:39:04","guid":{"rendered":"http:\/\/musikschule-contact.de\/wordpress\/wordpress\/?page_id=193"},"modified":"2017-05-17T09:48:41","modified_gmt":"2017-05-17T07:48:41","slug":"harfe","status":"publish","type":"page","link":"https:\/\/musikschule-contakt.de\/?page_id=193","title":{"rendered":"Harfe"},"content":{"rendered":"<p style=\"text-align: justify;\"><strong>Anf\u00e4ngerunterricht:<br \/>\n<\/strong>Kinder ab 5 Jahren lernen spielerisch die Harfe kennen. Das Instrument (bei Kindern in der Regel eine Hakenharfe) wird erkundet und ausprobiert. \u00dcber das H\u00f6ren und Singen kann das Kind bereits nach kurzer Zeit einfache Melodien spielen.<br \/>\n<img loading=\"lazy\" class=\"size-thumbnail wp-image-687 alignleft\" alt=\"\" src=\"https:\/\/musikschule-contakt.de\/wordpress\/wordpress\/wp-content\/uploads\/2013\/06\/Clara_k-150x150.jpg\" width=\"150\" height=\"150\" \/>Die klassische Notation wird erlernt und nach und nach erweitert. Auch \u00e4ltere Kinder, Jugendliche und Erwachsene k\u00f6nnen ohne Vorkenntnisse das Harfenspiel erlernen.<br \/>\nBesonders die umfangreichen M\u00f6glichkeiten der Klang-erzeugung haben eine faszinierende Wirkung und erm\u00f6g-lichen es, dem Instrument bereits in den ersten Stunden sch\u00f6ne Kl\u00e4nge zu entlocken. Die Vermittlung von geeigneten Leihharfen ist \u00fcber die Musikschule m\u00f6glich.<\/p>\n<p style=\"text-align: justify;\"><strong><br \/>\nMittelstufe\/Fortgeschrittene:\u00a0<img loading=\"lazy\" class=\"size-thumbnail wp-image-1060 alignright\" alt=\"\" src=\"https:\/\/musikschule-contakt.de\/wordpress\/wordpress\/wp-content\/uploads\/2012\/12\/Unterricht-150x150.jpg\" width=\"150\" height=\"150\" \/><\/strong><br \/>\nUnterricht an der Hakenharfe oder der Konzertharfe<br \/>\n(Doppelpedalharfe).\u00a0Anspruchsvolle Literatur aus<br \/>\nverschiedenen Stilrichtungen wird erarbeitet.<\/p>\n","protected":false},"excerpt":{"rendered":"<p>Anf\u00e4ngerunterricht: Kinder ab 5 Jahren lernen spielerisch die Harfe kennen. Das Instrument (bei Kindern in der Regel eine Hakenharfe) wird erkundet und ausprobiert. \u00dcber das H\u00f6ren und Singen kann das Kind bereits nach kurzer Zeit einfache Melodien spielen. Die klassische &hellip; <a href=\"https:\/\/musikschule-contakt.de\/?page_id=193\">Weiterlesen <span class=\"meta-nav\">&rarr;<\/span><\/a><\/p>\n","protected":false},"author":1,"featured_media":0,"parent":0,"menu_order":0,"comment_status":"closed","ping_status":"closed","template":"","meta":[],"_links":{"self":[{"href":"https:\/\/musikschule-contakt.de\/index.php?rest_route=\/wp\/v2\/pages\/193"}],"collection":[{"href":"https:\/\/musikschule-contakt.de\/index.php?rest_route=\/wp\/v2\/pages"}],"about":[{"href":"https:\/\/musikschule-contakt.de\/index.php?rest_route=\/wp\/v2\/types\/page"}],"author":[{"embeddable":true,"href":"https:\/\/musikschule-contakt.de\/index.php?rest_route=\/wp\/v2\/users\/1"}],"replies":[{"embeddable":true,"href":"https:\/\/musikschule-contakt.de\/index.php?rest_route=%2Fwp%2Fv2%2Fcomments&post=193"}],"version-history":[{"count":26,"href":"https:\/\/musikschule-contakt.de\/index.php?rest_route=\/wp\/v2\/pages\/193\/revisions"}],"predecessor-version":[{"id":1634,"href":"https:\/\/musikschule-contakt.de\/index.php?rest_route=\/wp\/v2\/pages\/193\/revisions\/1634"}],"wp:attachment":[{"href":"https:\/\/musikschule-contakt.de\/index.php?rest_route=%2Fwp%2Fv2%2Fmedia&parent=193"}],"curies":[{"name":"wp","href":"https:\/\/api.w.org\/{rel}","templated":true}]}}