{"id":104,"date":"2012-12-27T00:07:44","date_gmt":"2012-12-26T22:07:44","guid":{"rendered":"http:\/\/musikschule-contact.de\/wordpress\/wordpress\/?page_id=104"},"modified":"2025-04-27T19:17:51","modified_gmt":"2025-04-27T17:17:51","slug":"schulerkonzerte","status":"publish","type":"page","link":"https:\/\/musikschule-contakt.de\/?page_id=104","title":{"rendered":"Musikschulkonzerte\/Wettbewerbe"},"content":{"rendered":"<p><strong><img loading=\"lazy\" class=\"alignleft  wp-image-2557\" src=\"https:\/\/musikschule-contakt.de\/wordpress\/wordpress\/wp-content\/uploads\/2025\/04\/PXL_20250119_1403431302-300x300.jpg\" alt=\"\" width=\"162\" height=\"162\" srcset=\"https:\/\/musikschule-contakt.de\/wordpress\/wordpress\/wp-content\/uploads\/2025\/04\/PXL_20250119_1403431302-300x300.jpg 300w, https:\/\/musikschule-contakt.de\/wordpress\/wordpress\/wp-content\/uploads\/2025\/04\/PXL_20250119_1403431302-1024x1024.jpg 1024w, https:\/\/musikschule-contakt.de\/wordpress\/wordpress\/wp-content\/uploads\/2025\/04\/PXL_20250119_1403431302-150x150.jpg 150w, https:\/\/musikschule-contakt.de\/wordpress\/wordpress\/wp-content\/uploads\/2025\/04\/PXL_20250119_1403431302-768x768.jpg 768w, https:\/\/musikschule-contakt.de\/wordpress\/wordpress\/wp-content\/uploads\/2025\/04\/PXL_20250119_1403431302-1536x1536.jpg 1536w, https:\/\/musikschule-contakt.de\/wordpress\/wordpress\/wp-content\/uploads\/2025\/04\/PXL_20250119_1403431302.jpg 1781w\" sizes=\"(max-width: 162px) 100vw, 162px\" \/>&#8222;Jugend musiziert 2025&#8220;\u00a0<\/strong><br \/>\nErste Preise f\u00fcr das Harfenduo und das Harfenquartett der Musikschule! F\u00fcr die vier &#8222;Gro\u00dfen&#8220; geht es sogar weiter beim Bundeswettbewerb in Wuppertal. Daumen sind gedr\u00fcckt!<\/p>\n<p>Ebenfalls einen ersten Preis erhielt eine Harfensch\u00fclerin der Musikschule in der Wertung &#8222;JuMu open&#8220; beim Landeswettbewerb in Hessen. Herzlichen Gl\u00fcckwunsch!<\/p>\n<p><a href=\"https:\/\/musikschule-contakt.de\/?page_id=1818\"><strong>Tag der offenen T\u00fcr<\/strong><\/a> in Hassmersheim am 09. Juni 2024<\/p>\n<p><strong><img loading=\"lazy\" class=\"size-thumbnail wp-image-2436 alignright\" src=\"https:\/\/musikschule-contakt.de\/wordpress\/wordpress\/wp-content\/uploads\/2024\/03\/IMG-20240313-WA0019-150x150.jpg\" alt=\"\" width=\"150\" height=\"150\" \/>&#8222;Jugend musiziert 2024&#8220;<br \/>\n<\/strong>Erster Preis beim Bundeswettbewerb f\u00fcr das Trio der Musikschule in der Kategorie &#8222;Jumu open&#8220;! Im Mai spielten die drei vor einer hochkar\u00e4tigen Jury in L\u00fcbeck und konnte mit ihrer Performance &#8222;Running in time&#8220; \u00fcberzeugen Herzlichen Gl\u00fcckwunsch!<\/p>\n<p><strong>&#8222;Jugend musiziert 2023&#8220;<\/strong><br \/>\nSechs Sch\u00fcler*innen der Musikschule conTakt nahmen am diesj\u00e4hrigen Wettbewerb in der Wertung \u201eHarfe solo\u201c teil. Auf Regionalebene regnete es sechs erste Preise! F\u00fcr f\u00fcnf von ihnen ging es weiter zum Landeswettbewerb (Lisa war noch zu jung). Dort erreichten sie einen ersten und vier zweite Preise. Herzlichen Gl\u00fcckwunsch!<\/p>\n<p><strong>Wettbewerb &#8222;Jugend musiziert&#8220; 2022<\/strong><br \/>\nDas Harfenquartett der Musikschule durfte nach gro\u00dfem Erfolg beim Regional- und Landeswettbewerb nun beim Bundeswettbewerb in Oldenburg antreten. Dort erspielten Jil, Mira, Florentin und Aenna sich mit 22 Punkten einen tollen 2. Preis! HERZLICHEN GL\u00dcCKWUNSCH!<br \/>\nNeugierig auf die vier? Hier ein kleiner Einblick ins Programm:<br \/>\n<a href=\"https:\/\/youtu.be\/L9gldPzPyfQ\">https:\/\/youtu.be\/L9gldPzPyfQ<\/a><\/p>\n<p><strong>Wettbewerb &#8222;Jugend musiziert&#8220; 2019<\/strong><br \/>\nDrei Sch\u00fclerinnen und Sch\u00fcler aus der Klasse von Maren Ferber nahmen am Regionalwettbewerb in der Wertung &#8222;Harfenensemble&#8220; statt. Aenna und Phil erreichten als j\u00fcngste Teilnehmer in der Altersgruppe 1a mit 24 Punkten einen 1. Preis.<br \/>\nJil und ihre Duo-Partnerin Carmen (Musikschule Ludwigshafen) erreichten mit 23 Punkten in der Altersgruppe II ebenfalls einen 1. Preis und d\u00fcrfen nun Anfang April am Landeswettbewerb teilnehmen.<br \/>\nHerzlichen G\u00f6\u00fcckwunsch!<\/p>\n<p><strong>Wettbewerb &#8222;Jugend musiziert&#8220; 2017<img loading=\"lazy\" class=\" wp-image-1591 alignright\" src=\"https:\/\/musikschule-contakt.de\/wordpress\/wordpress\/wp-content\/uploads\/2012\/12\/JuMu2017_2-300x224.jpg\" alt=\"\" width=\"216\" height=\"161\" srcset=\"https:\/\/musikschule-contakt.de\/wordpress\/wordpress\/wp-content\/uploads\/2012\/12\/JuMu2017_2-300x224.jpg 300w, https:\/\/musikschule-contakt.de\/wordpress\/wordpress\/wp-content\/uploads\/2012\/12\/JuMu2017_2-1024x767.jpg 1024w, https:\/\/musikschule-contakt.de\/wordpress\/wordpress\/wp-content\/uploads\/2012\/12\/JuMu2017_2-400x300.jpg 400w\" sizes=\"(max-width: 216px) 100vw, 216px\" \/><\/strong><br \/>\nAm Wettbewerb haben zwei Harfensch\u00fclerinnen von Maren Ferber teilgenommen.<br \/>\nBeim Regionalwettbewerb erreichte Jil in AG Ib mit 22 Punkten einen 1. Preis und Johanna in AG IV mit 23 Punkten ebenfalls einen 1. Preis. Sie erreichte beim Landeswettbewerb Ende M\u00e4rz einen 3. Preis.<\/p>\n<p><strong>7. internationaler Harfenwettbewerb<br \/>\n<\/strong>Annelie Michel, Harfensch\u00fclerin von Maren Ferber, nahm wiederholt am internationalen Harfenwettbewerb in Sandstedt vom 10.-13. M\u00e4rz 2016 teil. Sie wurde mit 86 von 100 m\u00f6glichen Punkten 2. in ihrer Altersgruppe und gewann zudem den Preis f\u00fcr die beste Interpretation des Pflichtst\u00fcckes. Herzlichen Gl\u00fcckwunsch!<\/p>\n<p><strong>6. internationaler Harfenwettbewerb<br \/>\n<\/strong>Am internationalen Harfenwettbewerb in Sandstedt vom 7.-12. April 2015 nahmen zwei Sch\u00fclerinnen der Harfenklasse von Maren Ferber statt. Die 15 j\u00e4hrige Annelie Michel erspielte sich einen 2. Preis und gewann zus\u00e4tzlich einen MasterClass-Gutschein. Die 13 j\u00e4hrige Johanna Renner gewann als J\u00fcngste ihrer Altersgruppe den 4. Preis.<br \/>\nHerzlichen Gl\u00fcckwunsch zu diesen tollen Ergebnissen!<\/p>\n<p>Anfang November 2014 fand der<strong>\u00a07.\u00a0Wettbewerb f\u00fcr Solo- und Orchesterliteratur \u00a0 \u00a0 \u00a0<\/strong>des &#8222;Verbandes der Harfenisten \u00a0<img loading=\"lazy\" class=\"wp-image-1173 alignleft\" src=\"https:\/\/musikschule-contakt.de\/wordpress\/wordpress\/wp-content\/uploads\/2012\/12\/Annelie_VDH-300x225.jpg\" alt=\"\" width=\"144\" height=\"108\" srcset=\"https:\/\/musikschule-contakt.de\/wordpress\/wordpress\/wp-content\/uploads\/2012\/12\/Annelie_VDH-300x225.jpg 300w, https:\/\/musikschule-contakt.de\/wordpress\/wordpress\/wp-content\/uploads\/2012\/12\/Annelie_VDH-1024x768.jpg 1024w, https:\/\/musikschule-contakt.de\/wordpress\/wordpress\/wp-content\/uploads\/2012\/12\/Annelie_VDH-400x300.jpg 400w, https:\/\/musikschule-contakt.de\/wordpress\/wordpress\/wp-content\/uploads\/2012\/12\/Annelie_VDH.jpg 1280w\" sizes=\"(max-width: 144px) 100vw, 144px\" \/><br \/>\nin Deutschland e.V.&#8220; statt. Annelie Michel (Harfenklasse Maren Ferber) wurde mit einem Anerkennungspreis ausgezeichnet. Herzlichen Gl\u00fcckwunsch!<\/p>\n<p><strong><strong>Jugend musiziert 2014<br \/>\n<\/strong><\/strong>Beim Landeswettbewerb &#8222;Jugend musiziert&#8220; im April 2014 haben zwei Sch\u00fclerinnen aus der Klasse von Maren Ferber in der Wertung &#8222;Harfe solo&#8220; in Ludwigsburg teilgenommen und einen 2. und einen 3. Preis erspielt.\u00a0Herzlichen Gl\u00fcckwunsch zu diesem tollen Erfolg!<\/p>\n<p><img loading=\"lazy\" class=\"alignleft\" src=\"https:\/\/musikschule-contakt.de\/wordpress\/wordpress\/wp-content\/uploads\/2013\/02\/JuMu2013-150x150.jpg\" alt=\"\" width=\"105\" height=\"105\" \/><\/p>\n<p><strong>Landeswettbewerb &#8222;Jugend musiziert&#8220; 2013<br \/>\n<\/strong>Das Harfenensemble mit Annelie Michel und Rachel Blatter erspielte sich in der Altersgruppe II auf Landesebene mit 22 von 25 Punkten einen hervorragenden 2. Preis. Wir gratulieren!<\/p>\n<p><strong>Erfolge beim Wettbewerb &#8222;Jugend musiziert&#8220;<\/strong><br \/>\nZwei Harfenensembles aus der Harfenklasse von Maren Ferber nahmen Anfang Februar am Wettbewerb &#8222;Jugend musiziert&#8220; teil und erreichten hervorragende Ergebnisse:<img loading=\"lazy\" class=\"alignleft\" src=\"https:\/\/musikschule-contakt.de\/wordpress\/wordpress\/wp-content\/uploads\/2013\/02\/Jugend-Musiziert_2013-300x224.jpg\" alt=\"\" width=\"173\" height=\"129\" \/><br \/>\nAnnelie Michel und Rachel Blatter<br \/>\nAG II, 24 Punkte: 1. Preis mit Weiterleitung zum LW<br \/>\nJohanna Renner und Jette Winkler<br \/>\nAG II, 21 Punkte: 1. Preis<br \/>\nHerzlichen Gl\u00fcckwunsch allen vier Musikerinnen zu diesem tollen Erfolg!<\/p>\n<p><strong>\u00a0<\/strong><\/p>\n","protected":false},"excerpt":{"rendered":"<p>&#8222;Jugend musiziert 2025&#8220;\u00a0 Erste Preise f\u00fcr das Harfenduo und das Harfenquartett der Musikschule! F\u00fcr die vier &#8222;Gro\u00dfen&#8220; geht es sogar weiter beim Bundeswettbewerb in Wuppertal. Daumen sind gedr\u00fcckt! Ebenfalls einen ersten Preis erhielt eine Harfensch\u00fclerin der Musikschule in der Wertung &hellip; <a href=\"https:\/\/musikschule-contakt.de\/?page_id=104\">Weiterlesen <span class=\"meta-nav\">&rarr;<\/span><\/a><\/p>\n","protected":false},"author":1,"featured_media":0,"parent":0,"menu_order":0,"comment_status":"closed","ping_status":"closed","template":"","meta":[],"_links":{"self":[{"href":"https:\/\/musikschule-contakt.de\/index.php?rest_route=\/wp\/v2\/pages\/104"}],"collection":[{"href":"https:\/\/musikschule-contakt.de\/index.php?rest_route=\/wp\/v2\/pages"}],"about":[{"href":"https:\/\/musikschule-contakt.de\/index.php?rest_route=\/wp\/v2\/types\/page"}],"author":[{"embeddable":true,"href":"https:\/\/musikschule-contakt.de\/index.php?rest_route=\/wp\/v2\/users\/1"}],"replies":[{"embeddable":true,"href":"https:\/\/musikschule-contakt.de\/index.php?rest_route=%2Fwp%2Fv2%2Fcomments&post=104"}],"version-history":[{"count":90,"href":"https:\/\/musikschule-contakt.de\/index.php?rest_route=\/wp\/v2\/pages\/104\/revisions"}],"predecessor-version":[{"id":2561,"href":"https:\/\/musikschule-contakt.de\/index.php?rest_route=\/wp\/v2\/pages\/104\/revisions\/2561"}],"wp:attachment":[{"href":"https:\/\/musikschule-contakt.de\/index.php?rest_route=%2Fwp%2Fv2%2Fmedia&parent=104"}],"curies":[{"name":"wp","href":"https:\/\/api.w.org\/{rel}","templated":true}]}}